{"id":3789,"date":"2023-12-03T16:12:10","date_gmt":"2023-12-03T21:12:10","guid":{"rendered":"https:\/\/zanettimuebles.com\/?post_type=product&#038;p=3789"},"modified":"2024-02-03T08:52:03","modified_gmt":"2024-02-03T13:52:03","slug":"monza","status":"publish","type":"product","link":"https:\/\/zanettimuebles.com\/index.php\/product\/monza\/","title":{"rendered":"MONZA"},"content":{"rendered":"<p>SOF\u00c1 MODULAR MONZA<\/p>\n<p>Largo: 290 cm<\/p>\n<p>Alto: 290 cm<\/p>\n<p>Fondo: 90 cm<\/p>\n<p>Tapicer\u00eda: Tela Lafayette, cuero natural, sint\u00e9tico<\/p>\n<p>3 puestos, 2.5 puestos, 2 puestos, 1 puesto poltrona<\/p>\n","protected":false},"excerpt":{"rendered":"<p>SOF\u00c1 MODULAR MONZA Largo: 290 cm Alto: 290 cm Fondo: 90 cm Tapicer\u00eda: Tela Lafayette, cuero natural, sint\u00e9tico 3 puestos, 2.5 puestos, 2 puestos, 1 puesto poltrona<\/p>\n","protected":false},"featured_media":4051,"comment_status":"open","ping_status":"closed","template":"","meta":{"_joinchat":[]},"product_cat":[77],"product_tag":[68,83,78,70],"class_list":["post-3789","product","type-product","status-publish","has-post-thumbnail","hentry","product_cat-sofas","product_tag-cuero","product_tag-lafayette","product_tag-sofa","product_tag-tela"],"_links":{"self":[{"href":"https:\/\/zanettimuebles.com\/index.php\/wp-json\/wp\/v2\/product\/3789","targetHints":{"allow":["GET"]}}],"collection":[{"href":"https:\/\/zanettimuebles.com\/index.php\/wp-json\/wp\/v2\/product"}],"about":[{"href":"https:\/\/zanettimuebles.com\/index.php\/wp-json\/wp\/v2\/types\/product"}],"replies":[{"embeddable":true,"href":"https:\/\/zanettimuebles.com\/index.php\/wp-json\/wp\/v2\/comments?post=3789"}],"wp:featuredmedia":[{"embeddable":true,"href":"https:\/\/zanettimuebles.com\/index.php\/wp-json\/wp\/v2\/media\/4051"}],"wp:attachment":[{"href":"https:\/\/zanettimuebles.com\/index.php\/wp-json\/wp\/v2\/media?parent=3789"}],"wp:term":[{"taxonomy":"product_cat","embeddable":true,"href":"https:\/\/zanettimuebles.com\/index.php\/wp-json\/wp\/v2\/product_cat?post=3789"},{"taxonomy":"product_tag","embeddable":true,"href":"https:\/\/zanettimuebles.com\/index.php\/wp-json\/wp\/v2\/product_tag?post=3789"}],"curies":[{"name":"wp","href":"https:\/\/api.w.org\/{rel}","templated":true}]}}