{"id":3726,"date":"2023-12-03T15:27:03","date_gmt":"2023-12-03T20:27:03","guid":{"rendered":"https:\/\/zanettimuebles.com\/?post_type=product&#038;p=3726"},"modified":"2024-02-03T09:04:12","modified_gmt":"2024-02-03T14:04:12","slug":"rimini","status":"publish","type":"product","link":"https:\/\/zanettimuebles.com\/index.php\/product\/rimini\/","title":{"rendered":"R\u00cdMINI"},"content":{"rendered":"<p>SOF\u00c1 R\u00cdMINI<\/p>\n<p>Largo: 210cm<\/p>\n<p>Alto: 70 cm<\/p>\n<p>Fondo: 75 cm<\/p>\n<p>Tapicer\u00eda: Tela Lafayette, cuero natural, sint\u00e9tico<\/p>\n","protected":false},"excerpt":{"rendered":"<p>SOF\u00c1 R\u00cdMINI Largo: 210cm Alto: 70 cm Fondo: 75 cm Tapicer\u00eda: Tela Lafayette, cuero natural, sint\u00e9tico<\/p>\n","protected":false},"featured_media":4055,"comment_status":"open","ping_status":"closed","template":"","meta":{"_joinchat":[]},"product_cat":[77],"product_tag":[68,83,78],"class_list":["post-3726","product","type-product","status-publish","has-post-thumbnail","hentry","product_cat-sofas","product_tag-cuero","product_tag-lafayette","product_tag-sofa"],"_links":{"self":[{"href":"https:\/\/zanettimuebles.com\/index.php\/wp-json\/wp\/v2\/product\/3726","targetHints":{"allow":["GET"]}}],"collection":[{"href":"https:\/\/zanettimuebles.com\/index.php\/wp-json\/wp\/v2\/product"}],"about":[{"href":"https:\/\/zanettimuebles.com\/index.php\/wp-json\/wp\/v2\/types\/product"}],"replies":[{"embeddable":true,"href":"https:\/\/zanettimuebles.com\/index.php\/wp-json\/wp\/v2\/comments?post=3726"}],"wp:featuredmedia":[{"embeddable":true,"href":"https:\/\/zanettimuebles.com\/index.php\/wp-json\/wp\/v2\/media\/4055"}],"wp:attachment":[{"href":"https:\/\/zanettimuebles.com\/index.php\/wp-json\/wp\/v2\/media?parent=3726"}],"wp:term":[{"taxonomy":"product_cat","embeddable":true,"href":"https:\/\/zanettimuebles.com\/index.php\/wp-json\/wp\/v2\/product_cat?post=3726"},{"taxonomy":"product_tag","embeddable":true,"href":"https:\/\/zanettimuebles.com\/index.php\/wp-json\/wp\/v2\/product_tag?post=3726"}],"curies":[{"name":"wp","href":"https:\/\/api.w.org\/{rel}","templated":true}]}}