{"id":3699,"date":"2023-12-03T14:50:40","date_gmt":"2023-12-03T19:50:40","guid":{"rendered":"https:\/\/zanettimuebles.com\/?post_type=product&#038;p=3699"},"modified":"2024-02-03T10:05:48","modified_gmt":"2024-02-03T15:05:48","slug":"lucca","status":"publish","type":"product","link":"https:\/\/zanettimuebles.com\/index.php\/product\/lucca\/","title":{"rendered":"LUCCA"},"content":{"rendered":"<p>SOF\u00c1 LUCA<\/p>\n<p>Largo: 170 cm<\/p>\n<p>Alto: 70 cm<\/p>\n<p>Fondo: 93 cm<\/p>\n<p>Tapicer\u00eda: Tela Lafayette, cuero natural, sint\u00e9tico<\/p>\n","protected":false},"excerpt":{"rendered":"<p>SOF\u00c1 LUCA Largo: 170 cm Alto: 70 cm Fondo: 93 cm Tapicer\u00eda: Tela Lafayette, cuero natural, sint\u00e9tico<\/p>\n","protected":false},"featured_media":4066,"comment_status":"open","ping_status":"closed","template":"","meta":{"_joinchat":[]},"product_cat":[77],"product_tag":[84,68,83,70],"class_list":["post-3699","product","type-product","status-publish","has-post-thumbnail","hentry","product_cat-sofas","product_tag-chaise-longue","product_tag-cuero","product_tag-lafayette","product_tag-tela"],"_links":{"self":[{"href":"https:\/\/zanettimuebles.com\/index.php\/wp-json\/wp\/v2\/product\/3699","targetHints":{"allow":["GET"]}}],"collection":[{"href":"https:\/\/zanettimuebles.com\/index.php\/wp-json\/wp\/v2\/product"}],"about":[{"href":"https:\/\/zanettimuebles.com\/index.php\/wp-json\/wp\/v2\/types\/product"}],"replies":[{"embeddable":true,"href":"https:\/\/zanettimuebles.com\/index.php\/wp-json\/wp\/v2\/comments?post=3699"}],"wp:featuredmedia":[{"embeddable":true,"href":"https:\/\/zanettimuebles.com\/index.php\/wp-json\/wp\/v2\/media\/4066"}],"wp:attachment":[{"href":"https:\/\/zanettimuebles.com\/index.php\/wp-json\/wp\/v2\/media?parent=3699"}],"wp:term":[{"taxonomy":"product_cat","embeddable":true,"href":"https:\/\/zanettimuebles.com\/index.php\/wp-json\/wp\/v2\/product_cat?post=3699"},{"taxonomy":"product_tag","embeddable":true,"href":"https:\/\/zanettimuebles.com\/index.php\/wp-json\/wp\/v2\/product_tag?post=3699"}],"curies":[{"name":"wp","href":"https:\/\/api.w.org\/{rel}","templated":true}]}}